{"id":2,"date":"2025-09-24T19:13:46","date_gmt":"2025-09-24T17:13:46","guid":{"rendered":"https:\/\/creze.es\/?page_id=2"},"modified":"2025-11-05T19:46:21","modified_gmt":"2025-11-05T18:46:21","slug":"pagina-ejemplo","status":"publish","type":"page","link":"https:\/\/creze.es\/?page_id=2","title":{"rendered":"Sobre nosotros"},"content":{"rendered":"\n<p>Soy <strong>Iv\u00e1n Alegre Pern\u00eda<\/strong>, m\u00e1s conocido en el mundo digital como <strong>Poppercraft<\/strong>.<br>Hace m\u00e1s de una d\u00e9cada empec\u00e9 en redes sociales con una simple idea: conectar con la gente a trav\u00e9s de contenido aut\u00e9ntico. Desde entonces, he alcanzado m\u00e1s de <strong>4 millones de seguidores<\/strong> y superado los <strong>1.000 millones de visualizaciones<\/strong> en mis canales, aprendiendo de primera mano qu\u00e9 hace que una marca destaque entre miles.<\/p>\n\n\n\n<p>Cuento con una <strong>licenciatura en Marketing Digital por la Universidad de Le\u00f3n<\/strong>, formaci\u00f3n que me permiti\u00f3 unir el conocimiento t\u00e9cnico con la estrategia y la creatividad que aplico en cada proyecto.<\/p>\n\n\n\n<p>Con esa experiencia naci\u00f3 <strong>Creze<\/strong>, un proyecto que combina estrategia, creatividad y conocimiento profundo del comportamiento humano.<br>En Creze ayudamos a empresas y emprendedores a crecer en redes sociales, a construir una imagen de marca s\u00f3lida y a transformar seguidores en clientes reales. Nuestro equipo multidisciplinar \u2014formado por especialistas en marketing, dise\u00f1o, redacci\u00f3n y an\u00e1lisis digital\u2014 trabaja con un objetivo claro: que cada negocio alcance su m\u00e1ximo potencial en el entorno online.<\/p>\n\n\n\n<p>Llevamos <strong>m\u00e1s de 10 a\u00f1os<\/strong> impulsando marcas con resultados comprobables.<br>Si hemos conseguido que tantos proyectos crezcan, <strong>el siguiente puede ser el tuyo<\/strong>.<\/p>\n\n\n\n<p>\ud83d\udc49 <em>Agenda tu reuni\u00f3n sin compromiso y descubre c\u00f3mo podemos ayudarte a llevar tu negocio al siguiente nivel.<\/em><\/p>\n\n\n\n<blockquote class=\"wp-block-quote is-layout-flow wp-block-quote-is-layout-flow\">\n<p>En <strong>Creze<\/strong> creemos que las marcas no solo se construyen con estrategias, sino con emociones. Cada proyecto que impulsamos nace de la confianza, del compromiso y de la pasi\u00f3n por ver crecer lo que un d\u00eda fue solo una idea. Porque cuando t\u00fa creces, nosotros tambi\u00e9n crecemos.<\/p>\n<\/blockquote>\n","protected":false},"excerpt":{"rendered":"<p> [&hellip;]<\/p>\n","protected":false},"author":1,"featured_media":0,"parent":0,"menu_order":0,"comment_status":"closed","ping_status":"open","template":"","meta":{"_uag_custom_page_level_css":"","footnotes":""},"class_list":["post-2","page","type-page","status-publish","hentry"],"uagb_featured_image_src":{"full":false,"thumbnail":false,"medium":false,"medium_large":false,"large":false,"1536x1536":false,"2048x2048":false},"uagb_author_info":{"display_name":"customer_t2d6w7ub","author_link":"https:\/\/creze.es\/?author=1"},"uagb_comment_info":0,"uagb_excerpt":"[&hellip;]","_links":{"self":[{"href":"https:\/\/creze.es\/index.php?rest_route=\/wp\/v2\/pages\/2","targetHints":{"allow":["GET"]}}],"collection":[{"href":"https:\/\/creze.es\/index.php?rest_route=\/wp\/v2\/pages"}],"about":[{"href":"https:\/\/creze.es\/index.php?rest_route=\/wp\/v2\/types\/page"}],"author":[{"embeddable":true,"href":"https:\/\/creze.es\/index.php?rest_route=\/wp\/v2\/users\/1"}],"replies":[{"embeddable":true,"href":"https:\/\/creze.es\/index.php?rest_route=%2Fwp%2Fv2%2Fcomments&post=2"}],"version-history":[{"count":5,"href":"https:\/\/creze.es\/index.php?rest_route=\/wp\/v2\/pages\/2\/revisions"}],"predecessor-version":[{"id":299,"href":"https:\/\/creze.es\/index.php?rest_route=\/wp\/v2\/pages\/2\/revisions\/299"}],"wp:attachment":[{"href":"https:\/\/creze.es\/index.php?rest_route=%2Fwp%2Fv2%2Fmedia&parent=2"}],"curies":[{"name":"wp","href":"https:\/\/api.w.org\/{rel}","templated":true}]}}